{"id":2720,"date":"2024-03-14T11:54:38","date_gmt":"2024-03-14T15:54:38","guid":{"rendered":"https:\/\/worldcongress.iclei.org\/informacao-pratica\/"},"modified":"2024-05-03T04:07:40","modified_gmt":"2024-05-03T08:07:40","slug":"informacao-pratica","status":"publish","type":"page","link":"https:\/\/worldcongress.iclei.org\/pt-br\/informacao-pratica\/","title":{"rendered":"Informa\u00e7\u00e3o pr\u00e1tica"},"content":{"rendered":"","protected":false},"excerpt":{"rendered":"","protected":false},"author":3,"featured_media":0,"parent":0,"menu_order":0,"comment_status":"closed","ping_status":"closed","template":"","meta":{"iawp_total_views":820,"footnotes":""},"class_list":["post-2720","page","type-page","status-publish","hentry"],"_links":{"self":[{"href":"https:\/\/worldcongress.iclei.org\/pt-br\/wp-json\/wp\/v2\/pages\/2720","targetHints":{"allow":["GET"]}}],"collection":[{"href":"https:\/\/worldcongress.iclei.org\/pt-br\/wp-json\/wp\/v2\/pages"}],"about":[{"href":"https:\/\/worldcongress.iclei.org\/pt-br\/wp-json\/wp\/v2\/types\/page"}],"author":[{"embeddable":true,"href":"https:\/\/worldcongress.iclei.org\/pt-br\/wp-json\/wp\/v2\/users\/3"}],"replies":[{"embeddable":true,"href":"https:\/\/worldcongress.iclei.org\/pt-br\/wp-json\/wp\/v2\/comments?post=2720"}],"version-history":[{"count":1,"href":"https:\/\/worldcongress.iclei.org\/pt-br\/wp-json\/wp\/v2\/pages\/2720\/revisions"}],"predecessor-version":[{"id":2721,"href":"https:\/\/worldcongress.iclei.org\/pt-br\/wp-json\/wp\/v2\/pages\/2720\/revisions\/2721"}],"wp:attachment":[{"href":"https:\/\/worldcongress.iclei.org\/pt-br\/wp-json\/wp\/v2\/media?parent=2720"}],"curies":[{"name":"wp","href":"https:\/\/api.w.org\/{rel}","templated":true}]}}